{"id":354,"date":"2025-10-07T19:02:37","date_gmt":"2025-10-07T17:02:37","guid":{"rendered":"https:\/\/kupujemydzialki.pl\/?page_id=354"},"modified":"2025-10-07T20:08:40","modified_gmt":"2025-10-07T18:08:40","slug":"kontakt-2","status":"publish","type":"page","link":"https:\/\/kupujemydzialki.pl\/index.php\/kontakt-2\/","title":{"rendered":"Kontakt"},"content":{"rendered":"\n\n<div class=\"frm_forms  with_frm_style frm_style_styl-formidable\" id=\"frm_form_2_container\" >\n<form enctype=\"multipart\/form-data\" method=\"post\" class=\"frm-show-form \" id=\"form_contact-us\" >\n<div class=\"frm_form_fields \">\n<fieldset>\n<legend class=\"frm_screen_reader\">Contact Us<\/legend>\r\n\r\n<div class=\"frm_fields_container\">\n<input type=\"hidden\" name=\"frm_action\" value=\"create\" \/>\n<input type=\"hidden\" name=\"form_id\" value=\"2\" \/>\n<input type=\"hidden\" name=\"frm_hide_fields_2\" id=\"frm_hide_fields_2\" value=\"\" \/>\n<input type=\"hidden\" name=\"form_key\" value=\"contact-us\" \/>\n<input type=\"hidden\" name=\"item_meta[0]\" value=\"\" \/>\n<input type=\"hidden\" id=\"frm_submit_entry_2\" name=\"frm_submit_entry_2\" value=\"3a7f16fe1a\" \/><input type=\"hidden\" name=\"_wp_http_referer\" value=\"\/index.php\/wp-json\/wp\/v2\/pages\/354\" \/><div id=\"frm_field_19_container\" class=\"frm_form_field form-field  frm_required_field frm_top_container frm6 frm_first\">\r\n\t<label for=\"field_tvswd\" id=\"field_tvswd_label\" class=\"frm_primary_label\">Typ Nieruchomo\u015bci\r\n\t\t<span class=\"frm_required\" aria-hidden=\"true\">*<\/span>\r\n\t<\/label>\r\n\t<input type=\"text\" id=\"field_tvswd\" name=\"item_meta[19]\" value=\"\"  data-reqmsg=\"Pole nie mo\u017ce by\u0107 puste\" aria-required=\"true\" data-invmsg=\"Typ Nieruchomo\u015bci jest nieprawid\u0142owe\" aria-invalid=\"false\"  \/>\r\n\t\r\n\t\r\n<\/div>\n<div id=\"frm_field_6_container\" class=\"frm_form_field form-field  frm_required_field frm_top_container frm6\">\r\n    <label for=\"field_qh4icy2\" class=\"frm_primary_label\">Miasto\r\n        <span class=\"frm_required\">*<\/span>\r\n    <\/label>\r\n    <input type=\"text\" id=\"field_qh4icy2\" name=\"item_meta[6]\" value=\"\"  data-reqmsg=\"Pole nie mo\u017ce by\u0107 puste\" aria-required=\"true\" data-invmsg=\"Miasto jest nieprawid\u0142owe\" aria-invalid=\"false\"  \/>\r\n    \r\n    \r\n<\/div>\n<div id=\"frm_field_14_container\" class=\"frm_form_field form-field  frm_required_field frm_top_container frm6 frm_first\">\r\n\t<label for=\"field_utpmh\" id=\"field_utpmh_label\" class=\"frm_primary_label\">Imie\r\n\t\t<span class=\"frm_required\" aria-hidden=\"true\">*<\/span>\r\n\t<\/label>\r\n\t<input type=\"text\" id=\"field_utpmh\" name=\"item_meta[14]\" value=\"\"  data-reqmsg=\"Pole nie mo\u017ce by\u0107 puste\" aria-required=\"true\" data-invmsg=\"Imie jest nieprawid\u0142owe\" aria-invalid=\"false\"  \/>\r\n\t\r\n\t\r\n<\/div>\n<div id=\"frm_field_15_container\" class=\"frm_form_field form-field  frm_top_container frm6\">\r\n\t<label for=\"field_3m3um\" id=\"field_3m3um_label\" class=\"frm_primary_label\">Oczekiwana Cena\r\n\t\t<span class=\"frm_required\" aria-hidden=\"true\"><\/span>\r\n\t<\/label>\r\n\t<input type=\"text\" id=\"field_3m3um\" name=\"item_meta[15]\" value=\"\"  data-invmsg=\"Oczekiwana Cena jest nieprawid\u0142owe\" aria-invalid=\"false\"  \/>\r\n\t\r\n\t\r\n<\/div>\n<div id=\"frm_field_8_container\" class=\"frm_form_field form-field  frm_required_field frm_top_container frm6 frm_first\">\r\n    <label for=\"field_29yf4d2\" class=\"frm_primary_label\">Email\r\n        <span class=\"frm_required\">*<\/span>\r\n    <\/label>\r\n    <input type=\"email\" id=\"field_29yf4d2\" name=\"item_meta[8]\" value=\"\"  data-reqmsg=\"Pole nie mo\u017ce by\u0107 puste\" aria-required=\"true\" data-invmsg=\"Please enter a valid email address\" aria-invalid=\"false\"  \/>\r\n    \r\n    \r\n<\/div>\n<div id=\"frm_field_12_container\" class=\"frm_form_field form-field  frm_required_field frm_top_container frm6\">\r\n\t<label for=\"field_ktlfa\" id=\"field_ktlfa_label\" class=\"frm_primary_label\">Telefon Kontaktowy\r\n\t\t<span class=\"frm_required\" aria-hidden=\"true\">*<\/span>\r\n\t<\/label>\r\n\t<input type=\"tel\" id=\"field_ktlfa\" name=\"item_meta[12]\" value=\"\"  data-reqmsg=\"Pole nie mo\u017ce by\u0107 puste\" aria-required=\"true\" data-invmsg=\"Telefon Kontaktowy jest nieprawid\u0142owe\" aria-invalid=\"false\" pattern=\"((\\+\\d{1,3}(-|.| )?\\(?\\d\\)?(-| |.)?\\d{1,5})|(\\(?\\d{2,6}\\)?))(-|.| )?(\\d{3,4})(-|.| )?(\\d{4})(( x| ext)\\d{1,5}){0,1}$\"  \/>\r\n\t\r\n\t\r\n<\/div>\n<div id=\"frm_field_17_container\" class=\"frm_form_field form-field  frm_top_container frm6 frm_first\">\r\n\t<label for=\"field_1l1g7\" id=\"field_1l1g7_label\" class=\"frm_primary_label\">Wielko\u015b\u0107 gruntu\r\n\t\t<span class=\"frm_required\" aria-hidden=\"true\"><\/span>\r\n\t<\/label>\r\n\t<input type=\"text\" id=\"field_1l1g7\" name=\"item_meta[17]\" value=\"\"  data-invmsg=\"Wielko\u015b\u0107 gruntu jest nieprawid\u0142owe\" aria-invalid=\"false\"  \/>\r\n\t\r\n\t\r\n<\/div>\n<div id=\"frm_field_16_container\" class=\"frm_form_field form-field  frm_top_container frm6\">\r\n\t<label for=\"field_uiqtc\" id=\"field_uiqtc_label\" class=\"frm_primary_label\">Typ Dzia\u0142ki\r\n\t\t<span class=\"frm_required\" aria-hidden=\"true\"><\/span>\r\n\t<\/label>\r\n\t<input type=\"text\" id=\"field_uiqtc\" name=\"item_meta[16]\" value=\"\"  data-invmsg=\"Typ Dzia\u0142ki jest nieprawid\u0142owe\" aria-invalid=\"false\"  \/>\r\n\t\r\n\t\r\n<\/div>\n<div id=\"frm_field_18_container\" class=\"frm_form_field form-field  frm_required_field frm_top_container frm12 frm_first\">\r\n\t<label for=\"field_cq73r\" id=\"field_cq73r_label\" class=\"frm_primary_label\">Adres Nieruchomo\u015bci lub Numer Ksi\u0119gi Wieczystej\r\n\t\t<span class=\"frm_required\" aria-hidden=\"true\">*<\/span>\r\n\t<\/label>\r\n\t<input type=\"text\" id=\"field_cq73r\" name=\"item_meta[18]\" value=\"\"  data-reqmsg=\"Pole nie mo\u017ce by\u0107 puste\" aria-required=\"true\" data-invmsg=\"Adres Nieruchomo\u015bci lub Numer Ksi\u0119gi Wieczystej jest nieprawid\u0142owe\" aria-invalid=\"false\"  \/>\r\n\t\r\n\t\r\n<\/div>\n<div id=\"frm_field_10_container\" class=\"frm_form_field form-field  frm_top_container frm12 frm_first\">\r\n    <label for=\"field_9jv0r12\" class=\"frm_primary_label\">Opis Nieruchomo\u015bci lub Dodatkowe Informacje (opcjonalne)\r\n        <span class=\"frm_required\"><\/span>\r\n    <\/label>\r\n    <textarea name=\"item_meta[10]\" id=\"field_9jv0r12\" rows=\"5\"  data-invmsg=\"Opis Nieruchomo\u015bci lub Dodatkowe Informacje (opcjonalne) jest nieprawid\u0142owe\" aria-invalid=\"false\"  ><\/textarea>\r\n    \r\n    \r\n<\/div>\n<div id=\"frm_field_23_container\" class=\"frm_form_field form-field  frm_required_field frm_top_container vertical_radio\">\n\t<div  id=\"field_9k21a_label\" class=\"frm_primary_label\">\n\t\t<span class=\"frm_required\" aria-hidden=\"true\"><\/span>\n\t<\/div>\n\t<div class=\"frm_opt_container\" aria-labelledby=\"field_9k21a_label\" role=\"group\">\t\t<div class=\"frm_checkbox\" id=\"frm_checkbox_23-0\">\t\t\t<label  for=\"field_9k21a-0\">\n\t\t\t<input type=\"checkbox\" name=\"item_meta[23][]\" id=\"field_9k21a-0\" value=\"Akceptuj\u0119 polityk\u0119 prywatno\u015bci\" checked=\"checked\"  data-frmval=\"[&quot;Akceptuj\\u0119 polityk\\u0119 prywatno\\u015bci&quot;]\" data-reqmsg=\"Zaakceptuj polityk\u0119 prywatno\u015bci\" data-invmsg=\"To pole jest nieprawid\u0142owe\" aria-invalid=\"false\"   aria-required=\"true\"  \/> Akceptuj\u0119 polityk\u0119 prywatno\u015bci<\/label><\/div>\n<\/div>\n\t<div class=\"frm_description\" id=\"frm_desc_field_9k21a\">Administratorem Twoich danych osobowych podanych w powy\u017cszym formularzu jest Kupujemydzialki.pl. Twoje dane b\u0119d\u0105 przetwarzane w celu udzielenia odpowiedzi na zadane pytanie, procesu wyceny lub przygotowania transakcji sprzeda\u017cowej dzia\u0142ki. Mo\u017cemy si\u0119 z tob\u0105\u00a0kontaktowa\u0107\u00a0celem negocjacji ceny nieruchomo\u015bci i finalizacji transakcji. Wszystkie przechowywane przez nas dane nie s\u0105 inaczej przetwarzane, przechowywane lub obrabiane. Wysy\u0142aj\u0105c formularz, wyra\u017casz zgod\u0119 na powy\u017csze.<\/div>\n\t\n<\/div>\n<div id=\"frm_field_21_container\" class=\"frm_form_field form-field  frm_none_container\">\r\n\t<label for=\"g-recaptcha-response\" id=\"field_p172j_label\" class=\"frm_primary_label\">Captcha\r\n\t\t<span class=\"frm_required\" aria-hidden=\"true\"><\/span>\r\n\t<\/label>\r\n\t\r\n\t\r\n\t\r\n<\/div>\n<div id=\"frm_field_11_container\" class=\"frm_form_field form-field \">\r\n\t<div class=\"frm_submit\">\r\n\r\n<button class=\"frm_button_submit\" type=\"submit\" >Wy\u015blij Zapytanie<\/button>\r\n\r\n<\/div>\r\n<\/div>\n\t<input type=\"hidden\" name=\"item_key\" value=\"\" \/>\n\t<\/div>\n<\/fieldset>\n<\/div>\n\n<\/form>\n<\/div>\n","protected":false},"excerpt":{"rendered":"","protected":false},"author":1,"featured_media":0,"parent":0,"menu_order":0,"comment_status":"closed","ping_status":"closed","template":"","meta":{"saved_in_kubio":true,"footnotes":""},"class_list":["post-354","page","type-page","status-publish","hentry"],"kubio_ai_page_context":{"short_desc":"","purpose":"general"},"_links":{"self":[{"href":"https:\/\/kupujemydzialki.pl\/index.php\/wp-json\/wp\/v2\/pages\/354","targetHints":{"allow":["GET"]}}],"collection":[{"href":"https:\/\/kupujemydzialki.pl\/index.php\/wp-json\/wp\/v2\/pages"}],"about":[{"href":"https:\/\/kupujemydzialki.pl\/index.php\/wp-json\/wp\/v2\/types\/page"}],"author":[{"embeddable":true,"href":"https:\/\/kupujemydzialki.pl\/index.php\/wp-json\/wp\/v2\/users\/1"}],"replies":[{"embeddable":true,"href":"https:\/\/kupujemydzialki.pl\/index.php\/wp-json\/wp\/v2\/comments?post=354"}],"version-history":[{"count":3,"href":"https:\/\/kupujemydzialki.pl\/index.php\/wp-json\/wp\/v2\/pages\/354\/revisions"}],"predecessor-version":[{"id":378,"href":"https:\/\/kupujemydzialki.pl\/index.php\/wp-json\/wp\/v2\/pages\/354\/revisions\/378"}],"wp:attachment":[{"href":"https:\/\/kupujemydzialki.pl\/index.php\/wp-json\/wp\/v2\/media?parent=354"}],"curies":[{"name":"wp","href":"https:\/\/api.w.org\/{rel}","templated":true}]}}